{"id":11290,"date":"2025-11-12T12:30:17","date_gmt":"2025-11-12T11:30:17","guid":{"rendered":"https:\/\/frischkorn-mittelman.com\/allgemeine-geschaftsbedingungen\/"},"modified":"2025-11-12T12:34:13","modified_gmt":"2025-11-12T11:34:13","slug":"allgemeine-geschaftsbedingungen","status":"publish","type":"page","link":"https:\/\/frischkorn-mittelman.com\/de\/allgemeine-geschaftsbedingungen\/","title":{"rendered":"Allgemeine Gesch\u00e4ftsbedingungen"},"content":{"rendered":"<div  class='flex_column av-qa8gfg-660f4aebcab1faac9bed501f32804a92 av_one_full  avia-builder-el-0  avia-builder-el-no-sibling  first flex_column_div  '     ><p>\n<style type=\"text\/css\" data-created_by=\"avia_inline_auto\" id=\"style-css-av-mhvx3690-c14789d2c798f396b50549a0d622fdce\">\n#top .av-special-heading.av-mhvx3690-c14789d2c798f396b50549a0d622fdce{\npadding-bottom:10px;\n}\nbody .av-special-heading.av-mhvx3690-c14789d2c798f396b50549a0d622fdce .av-special-heading-tag .heading-char{\nfont-size:25px;\n}\n.av-special-heading.av-mhvx3690-c14789d2c798f396b50549a0d622fdce .av-subheading{\nfont-size:15px;\n}\n<\/style>\n<div  class='av-special-heading av-mhvx3690-c14789d2c798f396b50549a0d622fdce av-special-heading-h1  avia-builder-el-1  el_before_av_textblock  avia-builder-el-first '><h1 class='av-special-heading-tag '  itemprop=\"headline\"  >Allgemeine Gesch\u00e4ftsbedingungen<\/h1><div class=\"special-heading-border\"><div class=\"special-heading-inner-border\"><\/div><\/div><\/div><br \/>\n<section  class='av_textblock_section av-mhvx4tjd-900671ac5edc76b46ae257fc7fa5aebf '   itemscope=\"itemscope\" itemtype=\"https:\/\/schema.org\/CreativeWork\" ><div class='avia_textblock'  itemprop=\"text\" ><p><span style=\"color: #000000;\"><strong>Liefer- und Zahlungsbedingungen<\/strong><\/span><\/p>\n<ol>\n<li>Auftragsbest\u00e4tigung:<br \/>\nDer Auftrag gilt als angenommen, sofern unsere Vorlieferanten in ausreichender Menge und Qualit\u00e4t liefern.<\/li>\n<li>Nachstehende Lieferbedingungen gelten mit Auftragserteilung als vereinbart.<\/li>\n<li>Gerichtsstand ist Berlin oder nach unserer Wahl der allgemeine Gerichtsstand des K\u00e4ufers.<\/li>\n<li>In Anbetracht der von uns stetig vorgenommenen Fortentwicklung und Verbesserung behalten wir uns Abweichungen von unseren Prospektofferten vor.<\/li>\n<li>Verz\u00f6gerungen in den vereinbarten Lieferfristen durch h\u00f6here Gewalt jeglicher Art begr\u00fcnden keinen Anspruch auf Schadensersatz oder R\u00fccktritt.<\/li>\n<li>Verpackung wird gem\u00e4\u00df den entstandenen Kosten berechnet. Bei Franko-R\u00fccksendung des Verpackungsmaterials erfolgt Gutschrift zu zwei Drittel.<\/li>\n<li>Versand erfolgt stets auf Rechnung und Gefahr des Kunden einschlie\u00dflich branchen-\u00fcblicher Versicherung; dies auch wenn aufgrund besonderer Vereinbarung die Versandkosten von uns \u00fcbernommen werden.<\/li>\n<li>Besondere Vereinbarungen mit unseren Vertretern sind nur nach schriftlicher Best\u00e4tigung durch uns g\u00fcltig.<\/li>\n<li>Zahlungsregelung:<br \/>\nBei Bezahlung innerhalb 14 Tagen ab Rechnungsdatum werden 2 % Skonto gew\u00e4hrt, sonst 30 Tage netto. Bankeinzug von Forderungen mittels Lastschrift wird innerhalb von 15 Tagen mit Gew\u00e4hrung von 3 % Skonto durchgef\u00fchrt.<\/li>\n<li>Eigentumsvorbehalt gilt bis zum Zeitpunkt der \u00dcberweisung oder Scheckeinl\u00f6sung und bis zum Ausgleich des gesamten Kundensaldos als vereinbart. Im Falle des Zugriffs durch Dritte ist unverz\u00fcglich Mitteilung zu erstatten.<\/li>\n<li>Bei Zahlungsverzug werden die bank\u00fcblichen Zinsen berechnet.<\/li>\n<li>M\u00e4ngelr\u00fcge f\u00fcr offensichtliche Fehler hat innerhalb 14 Tagen zu erfolgen. Im Falle berechtigter M\u00e4ngelr\u00fcgen verpflichten wir uns nach unserer Wahl zur Erstattung oder zum Austausch der fehlerhaften St\u00fccke. Schl\u00e4gt eine Ersatzlieferung fehl, hat der K\u00e4ufer das Recht auf Herabsetzung des Kaufpreises oder R\u00fcckg\u00e4ngigmachung des Kaufes. Ein weitergehender Anspruch ist ausgeschlossen, es sei denn, dass uns grobe Fahrl\u00e4ssigkeit vorgeworfen werden kann.<\/li>\n<li>Offensichtliche Minderung der Kreditw\u00fcrdigkeit eines Kunden berechtigt uns zum R\u00fccktritt oder Forderung sofortiger Bezahlung.<\/li>\n<li>Die bestellte und gelieferte Ware ist ausschlie\u00dflich f\u00fcr den station\u00e4ren Einzelhandel bestimmt, insbesondere ist der Versand- und E-Commerce-Handel ausgeschlossen.<\/li>\n<li>F+M Private Label GmbH ist nicht bereit und auch nicht dazu verpflichtet, an einem Streitbeilegungsverfahren vor einer Verbraucherschlichtungsstelle im Sinne des Verbraucherstreitbeilegungsgesetzes teilzunehmen.<\/li>\n<\/ol>\n<\/div><\/section><\/p><\/div>\n","protected":false},"excerpt":{"rendered":"","protected":false},"author":1,"featured_media":0,"parent":0,"menu_order":0,"comment_status":"closed","ping_status":"closed","template":"","meta":{"footnotes":""},"class_list":["post-11290","page","type-page","status-publish","hentry"],"_links":{"self":[{"href":"https:\/\/frischkorn-mittelman.com\/de\/wp-json\/wp\/v2\/pages\/11290","targetHints":{"allow":["GET"]}}],"collection":[{"href":"https:\/\/frischkorn-mittelman.com\/de\/wp-json\/wp\/v2\/pages"}],"about":[{"href":"https:\/\/frischkorn-mittelman.com\/de\/wp-json\/wp\/v2\/types\/page"}],"author":[{"embeddable":true,"href":"https:\/\/frischkorn-mittelman.com\/de\/wp-json\/wp\/v2\/users\/1"}],"replies":[{"embeddable":true,"href":"https:\/\/frischkorn-mittelman.com\/de\/wp-json\/wp\/v2\/comments?post=11290"}],"version-history":[{"count":2,"href":"https:\/\/frischkorn-mittelman.com\/de\/wp-json\/wp\/v2\/pages\/11290\/revisions"}],"predecessor-version":[{"id":11291,"href":"https:\/\/frischkorn-mittelman.com\/de\/wp-json\/wp\/v2\/pages\/11290\/revisions\/11291"}],"wp:attachment":[{"href":"https:\/\/frischkorn-mittelman.com\/de\/wp-json\/wp\/v2\/media?parent=11290"}],"curies":[{"name":"wp","href":"https:\/\/api.w.org\/{rel}","templated":true}]}}