{"id":1416,"date":"2025-07-23T03:32:11","date_gmt":"2025-07-23T01:32:11","guid":{"rendered":"https:\/\/fm.projektserver.org\/wishlist\/"},"modified":"2025-08-19T08:47:10","modified_gmt":"2025-08-19T06:47:10","slug":"wishlist","status":"publish","type":"page","link":"https:\/\/frischkorn-mittelman.com\/de\/wishlist\/","title":{"rendered":"Wunschliste"},"content":{"rendered":"    <div class=\"fmwl-wrap\">\n        <h3>Meine gew\u00fcnschten Modelle<\/h3>\n        <ul class=\"fmwl-list\">\n        <li>(leer)<\/li>        <\/ul>\n        <div class=\"fmwl-send\">\n            <h3 style=\"margin-bottom: 30px;\">Senden Sie uns Ihre Wunschliste<\/h3>\n            <p><label>Name*<\/label><input type=\"text\" class=\"fmwl-name\" required><\/p>\n            <p><label>Firma*<\/label><input type=\"text\" class=\"fmwl-company\" required><\/p>\n            <p><label>E-Mail*<\/label><input type=\"email\" class=\"fmwl-email\" required><\/p>\n            <p><label>Telefon*<\/label><input type=\"tel\" class=\"fmwl-phone\" required><\/p>\n            <p><label>Kundennummer (optional)<\/label><input type=\"text\" class=\"fmwl-customerid\"><\/p>\n            <textarea class=\"fmwl-note\" placeholder=\"Optionale Nachricht (z. B. Gr\u00f6\u00dfen, Varianten, Fragen)\"><\/textarea>\n            <label class=\"fmwl-consent\"><input type=\"checkbox\" class=\"fmwl-consent-checkbox\"> Bitte senden Sie die Liste unverbindlich an F+M Private Label, das Vertriebsteam soll sich mit mir in Verbindung setzen.<\/label>\n                        <p class=\"fmwl-privacy-hint\" style=\"font-size:0.9em; opacity:0.8; margin-top:0.5rem;\">\n                Datenschutzerkl\u00e4rung: Ihre Daten werden ausschlie\u00dflich zur Bearbeitung Ihrer Anfrage gespeichert und verwendet. Sie werden nicht an Dritte weitergegeben. Sie k\u00f6nnen Ihre Einwilligung jederzeit mit Wirkung f\u00fcr die Zukunft widerrufen. Weitere Informationen finden Sie in unserer <a href=\"https:\/\/frischkorn-mittelman.com\/de\/datenschutzerklaerung\/\" target=\"_blank\">Datenschutzerkl\u00e4rung<\/a>.            <\/p>\n            <br>\n            <p style=\"display:none;\"><input type=\"text\" class=\"fmwl-honeypot\"><\/p>\n            <button class=\"button button-primary btn-send\" data-fmwl-send>Wunschliste senden<\/button>\n            <div class=\"fmwl-reset\"><button id=\"fmwl-reset\">Wunschliste zur\u00fccksetzen<\/button><\/div>\n            <div class=\"fmwl-feedback\" aria-live=\"polite\" style=\"margin-top:.5rem;\"><\/div>\n        <\/div>\n    <\/div>\n","protected":false},"excerpt":{"rendered":"","protected":false},"author":1,"featured_media":0,"parent":0,"menu_order":0,"comment_status":"closed","ping_status":"closed","template":"","meta":{"footnotes":""},"class_list":["post-1416","page","type-page","status-publish","hentry"],"_links":{"self":[{"href":"https:\/\/frischkorn-mittelman.com\/de\/wp-json\/wp\/v2\/pages\/1416","targetHints":{"allow":["GET"]}}],"collection":[{"href":"https:\/\/frischkorn-mittelman.com\/de\/wp-json\/wp\/v2\/pages"}],"about":[{"href":"https:\/\/frischkorn-mittelman.com\/de\/wp-json\/wp\/v2\/types\/page"}],"author":[{"embeddable":true,"href":"https:\/\/frischkorn-mittelman.com\/de\/wp-json\/wp\/v2\/users\/1"}],"replies":[{"embeddable":true,"href":"https:\/\/frischkorn-mittelman.com\/de\/wp-json\/wp\/v2\/comments?post=1416"}],"version-history":[{"count":3,"href":"https:\/\/frischkorn-mittelman.com\/de\/wp-json\/wp\/v2\/pages\/1416\/revisions"}],"predecessor-version":[{"id":11184,"href":"https:\/\/frischkorn-mittelman.com\/de\/wp-json\/wp\/v2\/pages\/1416\/revisions\/11184"}],"wp:attachment":[{"href":"https:\/\/frischkorn-mittelman.com\/de\/wp-json\/wp\/v2\/media?parent=1416"}],"curies":[{"name":"wp","href":"https:\/\/api.w.org\/{rel}","templated":true}]}}