{"id":1427,"date":"2025-07-23T06:40:58","date_gmt":"2025-07-23T04:40:58","guid":{"rendered":"https:\/\/fm.projektserver.org\/?page_id=1427"},"modified":"2026-01-16T23:53:54","modified_gmt":"2026-01-16T22:53:54","slug":"eu-konformitaetserklaerung","status":"publish","type":"page","link":"https:\/\/frischkorn-mittelman.com\/de\/eu-konformitaetserklaerung\/","title":{"rendered":"EU-Konformit\u00e4tserkl\u00e4rung"},"content":{"rendered":"<div  class='flex_column av-2gqs-ff7598d6f6047438e54e935aab3408a2 av_one_full  avia-builder-el-0  el_before_av_section  avia-builder-el-no-sibling  first flex_column_div  '     ><p>\n<style type=\"text\/css\" data-created_by=\"avia_inline_auto\" id=\"style-css-av-mf4lslly-a4f7e997d4ef63faddcd199fd8c8c7f1\">\n#top .av-special-heading.av-mf4lslly-a4f7e997d4ef63faddcd199fd8c8c7f1{\npadding-bottom:10px;\n}\nbody .av-special-heading.av-mf4lslly-a4f7e997d4ef63faddcd199fd8c8c7f1 .av-special-heading-tag .heading-char{\nfont-size:25px;\n}\n.av-special-heading.av-mf4lslly-a4f7e997d4ef63faddcd199fd8c8c7f1 .av-subheading{\nfont-size:15px;\n}\n<\/style>\n<div  class='av-special-heading av-mf4lslly-a4f7e997d4ef63faddcd199fd8c8c7f1 av-special-heading-h1  avia-builder-el-1  el_before_av_textblock  avia-builder-el-first '><h1 class='av-special-heading-tag '  itemprop=\"headline\"  >EU-Konformit\u00e4tserkl\u00e4rung<\/h1><div class=\"special-heading-border\"><div class=\"special-heading-inner-border\"><\/div><\/div><\/div><br \/>\n<section  class='av_textblock_section av-mdeys0jx-aa9b6ac8ab516780d727178ee483425a '   itemscope=\"itemscope\" itemtype=\"https:\/\/schema.org\/CreativeWork\" ><div class='avia_textblock'  itemprop=\"text\" ><p>Unsere Konformit\u00e4tserkl\u00e4rungen f\u00fcr die von der F+M Private Label GmbH vermarkteten Brillen.<\/p>\n<ul>\n<li><a href=\"https:\/\/frischkorn-mittelman.com\/wp-content\/uploads\/2026\/01\/EU-Konformitatserklarung-Kobri-Sonnenschutz-DE-01_-2026-1.pdf\">EU Konformita\u0308tserkla\u0308rung Kobri + Sonnenschutz DE 01_ 2026<\/a><\/li>\n<li><a href=\"https:\/\/frischkorn-mittelman.com\/wp-content\/uploads\/2026\/01\/EU-Konformitatserklarung-Kobri-DE-01_2026-1.pdf\">EU Konformita\u0308tserkla\u0308rung Kobri DE 01_2026<\/a><\/li>\n<li><a href=\"https:\/\/frischkorn-mittelman.com\/wp-content\/uploads\/2026\/01\/EU-Declaration-of-Conformity-sf-with-sun-protection-EN-01_2026-1.pdf\">EU Declaration of Conformity sf with sun protection EN 01_2026<\/a><\/li>\n<li><a href=\"https:\/\/frischkorn-mittelman.com\/wp-content\/uploads\/2026\/01\/EU-Declaration-of-Conformity-spectacle-frames-EN-01_2026-1.pdf\">EU Declaration of Conformity spectacle frames EN 01_2026<\/a><\/li>\n<li><a href=\"https:\/\/frischkorn-mittelman.com\/wp-content\/uploads\/2026\/01\/Declaration-de-Conformite-UE-ml-avec-prot.-solaire-FR-01_2026-1.pdf\">De\u0301claration de Conformite\u0301 UE ml avec prot. solaire FR 01_2026<\/a><\/li>\n<li><a href=\"https:\/\/frischkorn-mittelman.com\/wp-content\/uploads\/2026\/01\/Declaration-de-Conformite-UE-monture-de-lunettes-FR-01-_2026-1.pdf\">De\u0301claration de Conformite\u0301 UE monture de lunettes FR 01 _2026<\/a><\/li>\n<\/ul>\n<p>Bei Fragen wenden Sie sich bitte an <a class=\"ui-link\" href=\"mailto:info@frischkorn-mittelman.com\">info@frischkorn-mittelman.com<\/a><\/p>\n<\/div><\/section><\/p><\/div><\/div><\/div><\/div><!-- close content main div --><\/div><\/div>\n<style type=\"text\/css\" data-created_by=\"avia_inline_auto\" id=\"style-css-av-ieuk0z-94d83543be9c47eea4c18236b1062643\">\n.avia-section.av-ieuk0z-94d83543be9c47eea4c18236b1062643 .av-parallax .av-parallax-inner{\nbackground-repeat:no-repeat;\nbackground-image:url(https:\/\/frischkorn-mittelman.com\/wp-content\/uploads\/2025\/09\/135_DSC9891-Bearbeitet_matena-moments_aoyama-sw-2.jpg);\nbackground-position:0% 50%;\nbackground-attachment:scroll;\n}\n.avia-section.av-ieuk0z-94d83543be9c47eea4c18236b1062643 .av-section-color-overlay{\nopacity:0.5;\nbackground-color:#0a0606;\n}\n<\/style>\n<div id='sign-up'  class='avia-section av-ieuk0z-94d83543be9c47eea4c18236b1062643 main_color avia-section-huge avia-no-shadow  avia-builder-el-3  el_after_av_one_full  avia-builder-el-last  avia-full-stretch av-parallax-section avia-bg-style-parallax av-section-color-overlay-active container_wrap fullsize'  data-section-bg-repeat='stretch'><div class='av-parallax' data-avia-parallax-ratio='0.3' ><div class='av-parallax-inner main_color avia-full-stretch'><\/div><\/div><div class=\"av-section-color-overlay-wrap\"><div class=\"av-section-color-overlay\"><\/div><div class='container av-section-cont-open' ><div class='template-page content  av-content-full alpha units'><div class='post-entry post-entry-type-page post-entry-1427'><div class='entry-content-wrapper clearfix'>\n\n<style type=\"text\/css\" data-created_by=\"avia_inline_auto\" id=\"style-css-av-1oe0zn-26ddcb270981c8e71f0ab02ebf390579\">\n#top .av-special-heading.av-1oe0zn-26ddcb270981c8e71f0ab02ebf390579{\npadding-bottom:10px;\ncolor:#ffffff;\nfont-size:30px;\n}\nbody .av-special-heading.av-1oe0zn-26ddcb270981c8e71f0ab02ebf390579 .av-special-heading-tag .heading-char{\nfont-size:25px;\n}\n#top #wrap_all .av-special-heading.av-1oe0zn-26ddcb270981c8e71f0ab02ebf390579 .av-special-heading-tag{\nfont-size:30px;\n}\n.av-special-heading.av-1oe0zn-26ddcb270981c8e71f0ab02ebf390579 .special-heading-inner-border{\nborder-color:#ffffff;\n}\n.av-special-heading.av-1oe0zn-26ddcb270981c8e71f0ab02ebf390579 .av-subheading{\nfont-size:15px;\n}\n\n@media only screen and (min-width: 480px) and (max-width: 767px){ \n#top #wrap_all .av-special-heading.av-1oe0zn-26ddcb270981c8e71f0ab02ebf390579 .av-special-heading-tag{\nfont-size:0.8em;\n}\n}\n\n@media only screen and (max-width: 479px){ \n#top #wrap_all .av-special-heading.av-1oe0zn-26ddcb270981c8e71f0ab02ebf390579 .av-special-heading-tag{\nfont-size:0.8em;\n}\n}\n<\/style>\n<div  class='av-special-heading av-1oe0zn-26ddcb270981c8e71f0ab02ebf390579 av-special-heading-h2 custom-color-heading blockquote modern-quote modern-centered  avia-builder-el-4  el_before_av_one_fourth  avia-builder-el-first  av-inherit-size'><h2 class='av-special-heading-tag '  itemprop=\"headline\"  >Sprechen Sie mit uns.<\/h2><div class=\"special-heading-border\"><div class=\"special-heading-inner-border\"><\/div><\/div><\/div>\n<div  class='flex_column av-f8yjpv-8b75e9f97f826108cb2daf28bcbd0d7b av_one_fourth  avia-builder-el-5  el_after_av_heading  el_before_av_one_half  first flex_column_div  '     ><\/div><div  class='flex_column av-dejn6r-c7b8bc5ee2927b6055e3aeebc8b85cf8 av_one_half  avia-builder-el-6  el_after_av_one_fourth  el_before_av_one_fourth  flex_column_div  '     ><p>\n<style type=\"text\/css\" data-created_by=\"avia_inline_auto\" id=\"style-css-av-cykl0z-351a0517e82972844fe9494d4ef21683\">\n#top .hr.hr-invisible.av-cykl0z-351a0517e82972844fe9494d4ef21683{\nheight:10px;\n}\n<\/style>\n<div  class='hr av-cykl0z-351a0517e82972844fe9494d4ef21683 hr-invisible  avia-builder-el-7  el_before_av_textblock  avia-builder-el-first '><span class='hr-inner '><span class=\"hr-inner-style\"><\/span><\/span><\/div><br \/>\n\n<style type=\"text\/css\" data-created_by=\"avia_inline_auto\" id=\"style-css-av-13ccr7-b37b5ec14fb499af89246b3cbc983bf0\">\n#top .av_textblock_section.av-13ccr7-b37b5ec14fb499af89246b3cbc983bf0 .avia_textblock{\nfont-size:20px;\ncolor:#ffffff;\n}\n<\/style>\n<section  class='av_textblock_section av-13ccr7-b37b5ec14fb499af89246b3cbc983bf0 '   itemscope=\"itemscope\" itemtype=\"https:\/\/schema.org\/CreativeWork\" ><div class='avia_textblock av_inherit_color'  itemprop=\"text\" ><p style=\"text-align: center;\">Wir verstehen Ihre Bed\u00fcrfnisse.<br \/>\nLassen Sie uns dar\u00fcber sprechen, wie unsere Modelle und Dienst\u00adleistungen Ihr Unternehmen und Ihre Kunden unterst\u00fctzen k\u00f6nnen.<\/p>\n<\/div><\/section><br \/>\n\n<style type=\"text\/css\" data-created_by=\"avia_inline_auto\" id=\"style-css-av-zpe8z-2cd8a6fce77c0828cc681496f2a1162e\">\n#top .hr.av-zpe8z-2cd8a6fce77c0828cc681496f2a1162e{\nmargin-top:20px;\nmargin-bottom:30px;\n}\n.hr.av-zpe8z-2cd8a6fce77c0828cc681496f2a1162e .hr-inner{\nwidth:50px;\nborder-color:#ffffff;\n}\n<\/style>\n<div  class='hr av-zpe8z-2cd8a6fce77c0828cc681496f2a1162e hr-custom  avia-builder-el-9  el_after_av_textblock  el_before_av_buttonrow  hr-center hr-icon-no'><span class='hr-inner inner-border-av-border-thin'><span class=\"hr-inner-style\"><\/span><\/span><\/div><br \/>\n<div  class='avia-buttonrow-wrap av-7tb4pv-16b16557d6d03c5ae5a6c71ee212f2d7 avia-buttonrow-center  avia-builder-el-10  el_after_av_hr  avia-builder-el-last '>\n\n<style type=\"text\/css\" data-created_by=\"avia_inline_auto\" id=\"style-css-av-23wkz-1af0929592b2923d18a9289e102c3d59\">\n#top #wrap_all .avia-button.av-23wkz-1af0929592b2923d18a9289e102c3d59{\nmargin-bottom:5px;\nmargin-right:3px;\nmargin-left:3px;\n}\n<\/style>\n<a href='https:\/\/frischkorn-mittelman.com\/de\/kontakt\/'  class='avia-button av-23wkz-1af0929592b2923d18a9289e102c3d59 avia-icon_select-no avia-size-medium avia-color-light'   aria-label=\"Kontakt Sie uns\"><span class='avia_iconbox_title' >Kontakt Sie uns<\/span><\/a>\n\n<style type=\"text\/css\" data-created_by=\"avia_inline_auto\" id=\"style-css-av-4odmoz-37f3543e2d464317074d92b6715bc964\">\n#top #wrap_all .avia-button.av-4odmoz-37f3543e2d464317074d92b6715bc964{\nmargin-bottom:5px;\nmargin-right:3px;\nmargin-left:3px;\n}\n<\/style>\n<a href='https:\/\/frischkorn-mittelman.com\/de\/brillen\/'  class='avia-button av-4odmoz-37f3543e2d464317074d92b6715bc964 avia-icon_select-no avia-size-medium avia-color-light'   aria-label=\"Unsere Kollektionen\"><span class='avia_iconbox_title' >Unsere Kollektionen<\/span><\/a>\n<\/div><\/p><\/div><div  class='flex_column av-3au5g3-c8ee95d146faddf90441a350111a3a80 av_one_fourth  avia-builder-el-11  el_after_av_one_half  avia-builder-el-last  flex_column_div  '     ><\/div>\n<\/p>\n","protected":false},"excerpt":{"rendered":"","protected":false},"author":1,"featured_media":0,"parent":0,"menu_order":0,"comment_status":"closed","ping_status":"closed","template":"","meta":{"footnotes":""},"class_list":["post-1427","page","type-page","status-publish","hentry"],"_links":{"self":[{"href":"https:\/\/frischkorn-mittelman.com\/de\/wp-json\/wp\/v2\/pages\/1427","targetHints":{"allow":["GET"]}}],"collection":[{"href":"https:\/\/frischkorn-mittelman.com\/de\/wp-json\/wp\/v2\/pages"}],"about":[{"href":"https:\/\/frischkorn-mittelman.com\/de\/wp-json\/wp\/v2\/types\/page"}],"author":[{"embeddable":true,"href":"https:\/\/frischkorn-mittelman.com\/de\/wp-json\/wp\/v2\/users\/1"}],"replies":[{"embeddable":true,"href":"https:\/\/frischkorn-mittelman.com\/de\/wp-json\/wp\/v2\/comments?post=1427"}],"version-history":[{"count":10,"href":"https:\/\/frischkorn-mittelman.com\/de\/wp-json\/wp\/v2\/pages\/1427\/revisions"}],"predecessor-version":[{"id":11563,"href":"https:\/\/frischkorn-mittelman.com\/de\/wp-json\/wp\/v2\/pages\/1427\/revisions\/11563"}],"wp:attachment":[{"href":"https:\/\/frischkorn-mittelman.com\/de\/wp-json\/wp\/v2\/media?parent=1427"}],"curies":[{"name":"wp","href":"https:\/\/api.w.org\/{rel}","templated":true}]}}