{"id":2,"date":"2025-06-10T11:36:04","date_gmt":"2025-06-10T09:36:04","guid":{"rendered":"http:\/\/fm.projektserver.org\/?page_id=2"},"modified":"2025-09-02T12:33:06","modified_gmt":"2025-09-02T10:33:06","slug":"impressum","status":"publish","type":"page","link":"https:\/\/frischkorn-mittelman.com\/de\/impressum\/","title":{"rendered":"Impressum"},"content":{"rendered":"<div  class='flex_column av-2gqs-ff7598d6f6047438e54e935aab3408a2 av_one_full  avia-builder-el-0  avia-builder-el-no-sibling  first flex_column_div  '     ><p>\n<style type=\"text\/css\" data-created_by=\"avia_inline_auto\" id=\"style-css-av-mf2egv3x-a402e378d175a968e8a6f64c4b15889f\">\n#top .av-special-heading.av-mf2egv3x-a402e378d175a968e8a6f64c4b15889f{\npadding-bottom:10px;\n}\nbody .av-special-heading.av-mf2egv3x-a402e378d175a968e8a6f64c4b15889f .av-special-heading-tag .heading-char{\nfont-size:25px;\n}\n.av-special-heading.av-mf2egv3x-a402e378d175a968e8a6f64c4b15889f .av-subheading{\nfont-size:15px;\n}\n<\/style>\n<div  class='av-special-heading av-mf2egv3x-a402e378d175a968e8a6f64c4b15889f av-special-heading-h1  avia-builder-el-1  el_before_av_textblock  avia-builder-el-first '><h1 class='av-special-heading-tag '  itemprop=\"headline\"  >Impressum<\/h1><div class=\"special-heading-border\"><div class=\"special-heading-inner-border\"><\/div><\/div><\/div><br \/>\n<section  class='av_textblock_section av-mdeys0jx-9556fc6ec6ca9897800679ee5d948393 '   itemscope=\"itemscope\" itemtype=\"https:\/\/schema.org\/CreativeWork\" ><div class='avia_textblock'  itemprop=\"text\" ><p>F+M Private Label GmbH<br \/>\nHeinersdorfer Str. 4-6<br \/>\n13086 Berlin<\/p>\n<p><strong>Vertreten durch:<\/strong><br \/>\nGesch\u00e4ftsf\u00fchrer Thomas Akiyama<\/p>\n<p><strong>Redaktionell und inhaltlich verantwortlich f\u00fcr die Webseite gem\u00e4\u00df \u00a7 18 Absatz 2 MStV:<br \/>\n<\/strong>Gesch\u00e4ftsf\u00fchrer Thomas Akiyama<\/p>\n<p><strong>Kontakt:<\/strong><br \/>\nTelefon +49 30 4786 4215<br \/>\ninfo@frischkorn-mittelman.com<\/p>\n<p><strong>Registereintrag<\/strong>:<br \/>\nHRB 114628B AG Charlottenburg<br \/>\nUStID DE814992814<\/p>\n<\/div><\/section><\/p><\/div>\n","protected":false},"excerpt":{"rendered":"","protected":false},"author":1,"featured_media":0,"parent":0,"menu_order":0,"comment_status":"closed","ping_status":"closed","template":"","meta":{"footnotes":""},"class_list":["post-2","page","type-page","status-publish","hentry"],"_links":{"self":[{"href":"https:\/\/frischkorn-mittelman.com\/de\/wp-json\/wp\/v2\/pages\/2","targetHints":{"allow":["GET"]}}],"collection":[{"href":"https:\/\/frischkorn-mittelman.com\/de\/wp-json\/wp\/v2\/pages"}],"about":[{"href":"https:\/\/frischkorn-mittelman.com\/de\/wp-json\/wp\/v2\/types\/page"}],"author":[{"embeddable":true,"href":"https:\/\/frischkorn-mittelman.com\/de\/wp-json\/wp\/v2\/users\/1"}],"replies":[{"embeddable":true,"href":"https:\/\/frischkorn-mittelman.com\/de\/wp-json\/wp\/v2\/comments?post=2"}],"version-history":[{"count":5,"href":"https:\/\/frischkorn-mittelman.com\/de\/wp-json\/wp\/v2\/pages\/2\/revisions"}],"predecessor-version":[{"id":10391,"href":"https:\/\/frischkorn-mittelman.com\/de\/wp-json\/wp\/v2\/pages\/2\/revisions\/10391"}],"wp:attachment":[{"href":"https:\/\/frischkorn-mittelman.com\/de\/wp-json\/wp\/v2\/media?parent=2"}],"curies":[{"name":"wp","href":"https:\/\/api.w.org\/{rel}","templated":true}]}}