{"id":76,"date":"2015-03-03T02:10:42","date_gmt":"2015-03-03T01:10:42","guid":{"rendered":"http:\/\/wp\/enfold-shop\/?page_id=76"},"modified":"2025-09-07T09:53:33","modified_gmt":"2025-09-07T07:53:33","slug":"kontakt","status":"publish","type":"page","link":"https:\/\/frischkorn-mittelman.com\/de\/kontakt\/","title":{"rendered":"Kontakt"},"content":{"rendered":"<div id='av-layout-grid-1'  class='av-layout-grid-container av-fqugo-b1f767361616582a465ea4c3411b569a entry-content-wrapper main_color av-flex-cells  avia-builder-el-0  el_before_av_section  avia-builder-el-first   container_wrap fullsize'  >\n\n<style type=\"text\/css\" data-created_by=\"avia_inline_auto\" id=\"style-css-av-f6iac-8f7fe771b815ef32587faa62ce8308cc\">\n.flex_cell.av-f6iac-8f7fe771b815ef32587faa62ce8308cc{\nvertical-align:top;\n}\n.responsive #top #wrap_all .flex_cell.av-f6iac-8f7fe771b815ef32587faa62ce8308cc{\npadding:30px 60px 30px 60px !important;\n}\n<\/style>\n<div class='flex_cell av-f6iac-8f7fe771b815ef32587faa62ce8308cc av-gridrow-cell av_two_third no_margin  avia-builder-el-1  el_before_av_cell_one_third  avia-builder-el-first  content-align-top'  ><div class='flex_cell_inner'><p><section  class='av_textblock_section av-mf8wzin3-6bf0ab02ed57796655da831d36d12cf9 '   itemscope=\"itemscope\" itemtype=\"https:\/\/schema.org\/CreativeWork\" ><div class='avia_textblock'  itemprop=\"text\" ><p>Dieses Kontaktformular ist nur f\u00fcr allgemeine Anfragen gedacht.<br data-start=\"376\" data-end=\"379\" \/>Wenn Sie uns Ihre Wunschliste zusenden m\u00f6chten, verwenden Sie bitte <a href=\"https:\/\/frischkorn-mittelman.com\/de\/wishlist\/\">das\u00a0Wunschlisten-Formular<\/a>.<\/p>\n<\/div><\/section><br \/>\n<div  class='hr av-12n9g-cdfd38570ef80e73d3f87fc5531a0c22 hr-default  avia-builder-el-3  el_after_av_textblock  el_before_av_contact '><span class='hr-inner '><span class=\"hr-inner-style\"><\/span><\/span><\/div><br \/>\n<form action=\"https:\/\/frischkorn-mittelman.com\/de\/kontakt\/\" method=\"post\" data-fields-with-error=\"Fehler wurden in folgenden Feld(ern) gefunden:\" class=\"avia_ajax_form av-form-labels-visible   avia-builder-el-4  el_after_av_hr  el_before_av_hr   \" data-avia-form-id=\"1\" data-avia-redirect=''  aria-label='Contact Form' ><fieldset><p class='  first_form  form_element form_element_half' id='element_avia_1_1'><label for=\"avia_1_1\">Name <abbr class=\"required\" title=\"ben\u00f6tigt\">*<\/abbr><\/label> <input name=\"avia_1_1\" class=\"text_input is_empty\" type=\"text\" id=\"avia_1_1\" value=\"\" \/><\/p><p class='  form_element form_element_half' id='element_avia_2_1'><label for=\"avia_2_1\">Firma<\/label> <input name=\"avia_2_1\" class=\"text_input \" type=\"text\" id=\"avia_2_1\" value=\"\" \/><\/p><p class='  first_form  form_element form_element_half' id='element_avia_3_1'><label for=\"avia_3_1\">E-Mail <abbr class=\"required\" title=\"ben\u00f6tigt\">*<\/abbr><\/label> <input name=\"avia_3_1\" class=\"text_input is_email\" type=\"text\" id=\"avia_3_1\" value=\"\" \/><\/p><p class='  form_element form_element_half' id='element_avia_4_1'><label for=\"avia_4_1\">Telefon<\/label> <input name=\"avia_4_1\" class=\"text_input \" type=\"text\" id=\"avia_4_1\" value=\"\" \/><\/p><p class='  first_form  form_element form_fullwidth av-last-visible-form-element' id='element_avia_5_1'><label for=\"avia_5_1\" class=\"textare_label hidden textare_label_avia_5_1\">Nachricht <abbr class=\"required\" title=\"ben\u00f6tigt\">*<\/abbr><\/label><textarea  name=\"avia_5_1\" class=\"text_area is_empty\" cols=\"40\" rows=\"7\" id=\"avia_5_1\" ><\/textarea><\/p><p class=\"hidden\"><input type=\"text\" name=\"avia_6_1\" class=\"hidden \" id=\"avia_6_1\" value=\"\" \/><\/p><p class=\"form_element \"><input type=\"hidden\" value=\"1\" name=\"avia_generated_form1\" \/><input type=\"submit\" value=\"Abschicken\" class=\"button\"  data-sending-label=\"Sende\"\/><\/p><\/fieldset><\/form><div id=\"ajaxresponse_1\" class=\"ajaxresponse ajaxresponse_1 hidden\"><\/div><br \/>\n<div  class='hr av-1kvcw-bd69636553c82eae140104391f4363c6 hr-default  avia-builder-el-5  el_after_av_contact  el_before_av_textblock '><span class='hr-inner '><span class=\"hr-inner-style\"><\/span><\/span><\/div><br \/>\n<section  class='av_textblock_section av-13dt0-413d31c1bd5148df033f70c3e9ebee14 '   itemscope=\"itemscope\" itemtype=\"https:\/\/schema.org\/CreativeWork\" ><div class='avia_textblock'  itemprop=\"text\" ><p class=\"fmwl-privacy-hint\">Datenschutzerkl\u00e4rung: Ihre Daten werden ausschlie\u00dflich zur Bearbeitung Ihrer Anfrage gespeichert und verwendet. Sie werden nicht an Dritte weitergegeben. Sie k\u00f6nnen Ihre Einwilligung jederzeit mit Wirkung f\u00fcr die Zukunft widerrufen. Weitere Informationen finden Sie in unserer <a href=\"https:\/\/frischkorn-mittelman.com\/de\/datenschutzerklaerung\/\" target=\"_blank\" rel=\"noopener\">Datenschutzerkl\u00e4rung<\/a>.<\/p>\n<\/div><\/section><\/p>\n<\/div><\/div>\n<style type=\"text\/css\" data-created_by=\"avia_inline_auto\" id=\"style-css-av-bqkk4-2ab321d1854144642e8c3d396769ceca\">\n.flex_cell.av-bqkk4-2ab321d1854144642e8c3d396769ceca{\nvertical-align:middle;\nbackground-color:#282829;\n}\n.responsive #top #wrap_all .flex_cell.av-bqkk4-2ab321d1854144642e8c3d396769ceca{\npadding:30px 30px 30px 30px !important;\n}\n<\/style>\n<div class='flex_cell av-bqkk4-2ab321d1854144642e8c3d396769ceca av-gridrow-cell av_one_third no_margin  avia-builder-el-7  el_after_av_cell_two_third  avia-builder-el-last  content-align-middle'  ><div class='flex_cell_inner'>\n<style type=\"text\/css\" data-created_by=\"avia_inline_auto\" id=\"style-css-av-b4v5k-a7b9adb5cf4317989fb8afdaffeefcc5\">\n#top .av_textblock_section.av-b4v5k-a7b9adb5cf4317989fb8afdaffeefcc5 .avia_textblock{\ncolor:#ffffff;\n}\n<\/style>\n<section  class='av_textblock_section av-b4v5k-a7b9adb5cf4317989fb8afdaffeefcc5 '   itemscope=\"itemscope\" itemtype=\"https:\/\/schema.org\/CreativeWork\" ><div class='avia_textblock av_inherit_color'  itemprop=\"text\" ><p style=\"text-align: center;\"><strong><span style=\"color: #ffffff;\">DISTRIBUTION GERMANY<\/span><\/strong><br \/>\nF+M Private Label GmbH | Heinersdorfer Str. 4-6 | 13086 Berlin<br \/>\nTelefon +49 30 4786 4215 | Fax +49 30 4703 2324<br \/>\ninfo@frischkorn-mittelman.com<\/p>\n<\/div><\/section>\n<\/div><\/div>\n<\/div>\n<div id='av_section_1'  class='avia-section av-112pc-bf1f84d2f43aa81609ff83c34d119af3 alternate_color avia-section-large avia-no-border-styling  avia-builder-el-9  el_after_av_layout_row  avia-builder-el-last  avia-bg-style-scroll container_wrap fullsize'  ><div class='container av-section-cont-open' ><div class='template-page content  av-content-full alpha units'><div class='post-entry post-entry-type-page post-entry-76'><div class='entry-content-wrapper clearfix'>\n<div  class='flex_column av-9mznc-b53f9ae0114da1512db643a5fd821d33 av_one_half  avia-builder-el-10  el_before_av_one_half  avia-builder-el-first  first flex_column_div  '     ><section  class='av_textblock_section av-97yoc-e27f8fd593fd2221ffbee95c2f30455e '   itemscope=\"itemscope\" itemtype=\"https:\/\/schema.org\/CreativeWork\" ><div class='avia_textblock'  itemprop=\"text\" ><p><strong>VERTRIEB USA<\/strong><br \/>\nIn Core Partners INC | DBA SHO Eyeworks<br \/>\nTelefon +1 201 947 2000 | Web www.sho-eyeworks.com<br \/>\nmiriam@sho-eyeworks.com<\/p>\n<\/div><\/section><\/div><div  class='flex_column av-8sck8-32ff82f59b0cce1dd163a68569710ee0 av_one_half  avia-builder-el-12  el_after_av_one_half  avia-builder-el-last  flex_column_div  '     ><section  class='av_textblock_section av-shr4-81ea34570aab877657068ae3392d5bd0 '   itemscope=\"itemscope\" itemtype=\"https:\/\/schema.org\/CreativeWork\" ><div class='avia_textblock'  itemprop=\"text\" ><p><strong>ALLE NICHT AUFGEF\u00dcHRTEN L\u00c4NDER<\/strong><br \/>\nF+M Private Label GmbH | Heinersdorfer Str. 4-6 | 13086 Berlin<br \/>\nPhone +49 30 4786 4215 | Fax +49 30 4703 2324<br \/>\ninfo@frischkorn-mittelman.com<\/p>\n<\/div><\/section><\/div>\n","protected":false},"excerpt":{"rendered":"","protected":false},"author":1,"featured_media":0,"parent":0,"menu_order":0,"comment_status":"closed","ping_status":"closed","template":"","meta":{"footnotes":""},"class_list":["post-76","page","type-page","status-publish","hentry"],"_links":{"self":[{"href":"https:\/\/frischkorn-mittelman.com\/de\/wp-json\/wp\/v2\/pages\/76","targetHints":{"allow":["GET"]}}],"collection":[{"href":"https:\/\/frischkorn-mittelman.com\/de\/wp-json\/wp\/v2\/pages"}],"about":[{"href":"https:\/\/frischkorn-mittelman.com\/de\/wp-json\/wp\/v2\/types\/page"}],"author":[{"embeddable":true,"href":"https:\/\/frischkorn-mittelman.com\/de\/wp-json\/wp\/v2\/users\/1"}],"replies":[{"embeddable":true,"href":"https:\/\/frischkorn-mittelman.com\/de\/wp-json\/wp\/v2\/comments?post=76"}],"version-history":[{"count":10,"href":"https:\/\/frischkorn-mittelman.com\/de\/wp-json\/wp\/v2\/pages\/76\/revisions"}],"predecessor-version":[{"id":11240,"href":"https:\/\/frischkorn-mittelman.com\/de\/wp-json\/wp\/v2\/pages\/76\/revisions\/11240"}],"wp:attachment":[{"href":"https:\/\/frischkorn-mittelman.com\/de\/wp-json\/wp\/v2\/media?parent=76"}],"curies":[{"name":"wp","href":"https:\/\/api.w.org\/{rel}","templated":true}]}}